{"id":4705,"date":"2019-03-21T18:59:40","date_gmt":"2019-03-21T17:59:40","guid":{"rendered":"http:\/\/hotelfamiliaparis.com\/new\/chambres-hotel-familia-paris\/"},"modified":"2025-10-03T16:31:55","modified_gmt":"2025-10-03T14:31:55","slug":"habitaciones-hotel-familia-paris","status":"publish","type":"page","link":"https:\/\/www.familiahotel.com\/es\/habitaciones-hotel-familia-paris\/","title":{"rendered":"Chambres"},"content":{"rendered":"","protected":false},"excerpt":{"rendered":"","protected":false},"author":1,"featured_media":0,"parent":0,"menu_order":0,"comment_status":"closed","ping_status":"open","template":"","meta":{"footnotes":""},"class_list":["post-4705","page","type-page","status-publish","hentry"],"yoast_head":"<!-- This site is optimized with the Yoast SEO plugin v23.8 - https:\/\/yoast.com\/wordpress\/plugins\/seo\/ -->\n<title>Habitaciones Hotel Familia Paris - en el coraz\u00f3n del Barrio Latino Paris<\/title>\n<meta name=\"description\" content=\"El Hotel Familia se sit\u00faa cerca de la Sorbona, en el coraz\u00f3n del Barrio Latino, en el centro de Par\u00eds, a pocos minutos de Notre Dame y Museo del Louvre\" \/>\n<meta name=\"robots\" content=\"index, follow, max-snippet:-1, max-image-preview:large, max-video-preview:-1\" \/>\n<link rel=\"canonical\" href=\"https:\/\/www.familiahotel.com\/es\/habitaciones-hotel-familia-paris\/\" \/>\n<meta property=\"og:locale\" content=\"es_ES\" \/>\n<meta property=\"og:type\" content=\"article\" \/>\n<meta property=\"og:title\" content=\"Habitaciones Hotel Familia Paris - en el coraz\u00f3n del Barrio Latino Paris\" \/>\n<meta property=\"og:description\" content=\"El Hotel Familia se sit\u00faa cerca de la Sorbona, en el coraz\u00f3n del Barrio Latino, en el centro de Par\u00eds, a pocos minutos de Notre Dame y Museo del Louvre\" \/>\n<meta property=\"og:url\" content=\"https:\/\/www.familiahotel.com\/es\/habitaciones-hotel-familia-paris\/\" \/>\n<meta property=\"og:site_name\" content=\"H\u00f4tel Familia\" \/>\n<meta property=\"article:modified_time\" content=\"2025-10-03T14:31:55+00:00\" \/>\n<meta name=\"twitter:card\" content=\"summary_large_image\" \/>\n<script type=\"application\/ld+json\" class=\"yoast-schema-graph\">{\"@context\":\"https:\/\/schema.org\",\"@graph\":[{\"@type\":\"WebPage\",\"@id\":\"https:\/\/www.familiahotel.com\/es\/habitaciones-hotel-familia-paris\/\",\"url\":\"https:\/\/www.familiahotel.com\/es\/habitaciones-hotel-familia-paris\/\",\"name\":\"Habitaciones Hotel Familia Paris - en el coraz\u00f3n del Barrio Latino Paris\",\"isPartOf\":{\"@id\":\"https:\/\/www.familiahotel.com\/#website\"},\"datePublished\":\"2019-03-21T17:59:40+00:00\",\"dateModified\":\"2025-10-03T14:31:55+00:00\",\"description\":\"El Hotel Familia se sit\u00faa cerca de la Sorbona, en el coraz\u00f3n del Barrio Latino, en el centro de Par\u00eds, a pocos minutos de Notre Dame y Museo del Louvre\",\"breadcrumb\":{\"@id\":\"https:\/\/www.familiahotel.com\/es\/habitaciones-hotel-familia-paris\/#breadcrumb\"},\"inLanguage\":\"es\",\"potentialAction\":[{\"@type\":\"ReadAction\",\"target\":[\"https:\/\/www.familiahotel.com\/es\/habitaciones-hotel-familia-paris\/\"]}]},{\"@type\":\"BreadcrumbList\",\"@id\":\"https:\/\/www.familiahotel.com\/es\/habitaciones-hotel-familia-paris\/#breadcrumb\",\"itemListElement\":[{\"@type\":\"ListItem\",\"position\":1,\"name\":\"Accueil\",\"item\":\"https:\/\/www.familiahotel.com\/\"},{\"@type\":\"ListItem\",\"position\":2,\"name\":\"Chambres\"}]},{\"@type\":\"WebSite\",\"@id\":\"https:\/\/www.familiahotel.com\/#website\",\"url\":\"https:\/\/www.familiahotel.com\/\",\"name\":\"H\u00f4tel Familia\",\"description\":\"H\u00f4tel au coeur du Quartier Latin\",\"potentialAction\":[{\"@type\":\"SearchAction\",\"target\":{\"@type\":\"EntryPoint\",\"urlTemplate\":\"https:\/\/www.familiahotel.com\/?s={search_term_string}\"},\"query-input\":{\"@type\":\"PropertyValueSpecification\",\"valueRequired\":true,\"valueName\":\"search_term_string\"}}],\"inLanguage\":\"es\"}]}<\/script>\n<!-- \/ Yoast SEO plugin. -->","yoast_head_json":{"title":"Habitaciones Hotel Familia Paris - en el coraz\u00f3n del Barrio Latino Paris","description":"El Hotel Familia se sit\u00faa cerca de la Sorbona, en el coraz\u00f3n del Barrio Latino, en el centro de Par\u00eds, a pocos minutos de Notre Dame y Museo del Louvre","robots":{"index":"index","follow":"follow","max-snippet":"max-snippet:-1","max-image-preview":"max-image-preview:large","max-video-preview":"max-video-preview:-1"},"canonical":"https:\/\/www.familiahotel.com\/es\/habitaciones-hotel-familia-paris\/","og_locale":"es_ES","og_type":"article","og_title":"Habitaciones Hotel Familia Paris - en el coraz\u00f3n del Barrio Latino Paris","og_description":"El Hotel Familia se sit\u00faa cerca de la Sorbona, en el coraz\u00f3n del Barrio Latino, en el centro de Par\u00eds, a pocos minutos de Notre Dame y Museo del Louvre","og_url":"https:\/\/www.familiahotel.com\/es\/habitaciones-hotel-familia-paris\/","og_site_name":"H\u00f4tel Familia","article_modified_time":"2025-10-03T14:31:55+00:00","twitter_card":"summary_large_image","schema":{"@context":"https:\/\/schema.org","@graph":[{"@type":"WebPage","@id":"https:\/\/www.familiahotel.com\/es\/habitaciones-hotel-familia-paris\/","url":"https:\/\/www.familiahotel.com\/es\/habitaciones-hotel-familia-paris\/","name":"Habitaciones Hotel Familia Paris - en el coraz\u00f3n del Barrio Latino Paris","isPartOf":{"@id":"https:\/\/www.familiahotel.com\/#website"},"datePublished":"2019-03-21T17:59:40+00:00","dateModified":"2025-10-03T14:31:55+00:00","description":"El Hotel Familia se sit\u00faa cerca de la Sorbona, en el coraz\u00f3n del Barrio Latino, en el centro de Par\u00eds, a pocos minutos de Notre Dame y Museo del Louvre","breadcrumb":{"@id":"https:\/\/www.familiahotel.com\/es\/habitaciones-hotel-familia-paris\/#breadcrumb"},"inLanguage":"es","potentialAction":[{"@type":"ReadAction","target":["https:\/\/www.familiahotel.com\/es\/habitaciones-hotel-familia-paris\/"]}]},{"@type":"BreadcrumbList","@id":"https:\/\/www.familiahotel.com\/es\/habitaciones-hotel-familia-paris\/#breadcrumb","itemListElement":[{"@type":"ListItem","position":1,"name":"Accueil","item":"https:\/\/www.familiahotel.com\/"},{"@type":"ListItem","position":2,"name":"Chambres"}]},{"@type":"WebSite","@id":"https:\/\/www.familiahotel.com\/#website","url":"https:\/\/www.familiahotel.com\/","name":"H\u00f4tel Familia","description":"H\u00f4tel au coeur du Quartier Latin","potentialAction":[{"@type":"SearchAction","target":{"@type":"EntryPoint","urlTemplate":"https:\/\/www.familiahotel.com\/?s={search_term_string}"},"query-input":{"@type":"PropertyValueSpecification","valueRequired":true,"valueName":"search_term_string"}}],"inLanguage":"es"}]}},"_links":{"self":[{"href":"https:\/\/www.familiahotel.com\/es\/wp-json\/wp\/v2\/pages\/4705","targetHints":{"allow":["GET"]}}],"collection":[{"href":"https:\/\/www.familiahotel.com\/es\/wp-json\/wp\/v2\/pages"}],"about":[{"href":"https:\/\/www.familiahotel.com\/es\/wp-json\/wp\/v2\/types\/page"}],"author":[{"embeddable":true,"href":"https:\/\/www.familiahotel.com\/es\/wp-json\/wp\/v2\/users\/1"}],"replies":[{"embeddable":true,"href":"https:\/\/www.familiahotel.com\/es\/wp-json\/wp\/v2\/comments?post=4705"}],"version-history":[{"count":3,"href":"https:\/\/www.familiahotel.com\/es\/wp-json\/wp\/v2\/pages\/4705\/revisions"}],"predecessor-version":[{"id":5125,"href":"https:\/\/www.familiahotel.com\/es\/wp-json\/wp\/v2\/pages\/4705\/revisions\/5125"}],"wp:attachment":[{"href":"https:\/\/www.familiahotel.com\/es\/wp-json\/wp\/v2\/media?parent=4705"}],"curies":[{"name":"wp","href":"https:\/\/api.w.org\/{rel}","templated":true}]}}