{"id":4718,"date":"2019-03-21T19:29:51","date_gmt":"2019-03-21T18:29:51","guid":{"rendered":"http:\/\/hotelfamiliaparis.com\/new\/situation-acces-hotel-familia-paris-5\/"},"modified":"2023-07-05T13:42:32","modified_gmt":"2023-07-05T11:42:32","slug":"location-hotel-familia-paris-5","status":"publish","type":"page","link":"https:\/\/www.familiahotel.com\/zh-hans\/location-hotel-familia-paris-5\/","title":{"rendered":"Situation"},"content":{"rendered":"","protected":false},"excerpt":{"rendered":"","protected":false},"author":1,"featured_media":0,"parent":0,"menu_order":0,"comment_status":"closed","ping_status":"open","template":"","meta":{"footnotes":""},"class_list":["post-4718","page","type-page","status-publish","hentry"],"yoast_head":"<!-- This site is optimized with the Yoast SEO plugin v23.8 - https:\/\/yoast.com\/wordpress\/plugins\/seo\/ -->\n<title>Situation - H\u00f4tel Familia<\/title>\n<meta name=\"description\" content=\"Familia hotel Paris, h\u00f4tel 2 \u00e9toiles \u00e0 Paris 5, h\u00f4tel situ\u00e9 dans le quartier latin pr\u00e8s de Notre Dame et du mus\u00e9e du Louvre\" \/>\n<meta name=\"robots\" content=\"index, follow, max-snippet:-1, max-image-preview:large, max-video-preview:-1\" \/>\n<link rel=\"canonical\" href=\"https:\/\/www.familiahotel.com\/situation-acces-hotel-familia-paris-5\/\" \/>\n<meta property=\"og:locale\" content=\"zh_CN\" \/>\n<meta property=\"og:type\" content=\"article\" \/>\n<meta property=\"og:title\" content=\"Situation - H\u00f4tel Familia\" \/>\n<meta property=\"og:description\" content=\"Familia hotel Paris, h\u00f4tel 2 \u00e9toiles \u00e0 Paris 5, h\u00f4tel situ\u00e9 dans le quartier latin pr\u00e8s de Notre Dame et du mus\u00e9e du Louvre\" \/>\n<meta property=\"og:url\" content=\"https:\/\/www.familiahotel.com\/situation-acces-hotel-familia-paris-5\/\" \/>\n<meta property=\"og:site_name\" content=\"H\u00f4tel Familia\" \/>\n<meta property=\"article:modified_time\" content=\"2023-07-05T11:42:32+00:00\" \/>\n<meta name=\"twitter:card\" content=\"summary_large_image\" \/>\n<script type=\"application\/ld+json\" class=\"yoast-schema-graph\">{\"@context\":\"https:\/\/schema.org\",\"@graph\":[{\"@type\":\"WebPage\",\"@id\":\"https:\/\/www.familiahotel.com\/situation-acces-hotel-familia-paris-5\/\",\"url\":\"https:\/\/www.familiahotel.com\/situation-acces-hotel-familia-paris-5\/\",\"name\":\"Situation - H\u00f4tel Familia\",\"isPartOf\":{\"@id\":\"https:\/\/www.familiahotel.com\/#website\"},\"datePublished\":\"2019-03-21T18:29:51+00:00\",\"dateModified\":\"2023-07-05T11:42:32+00:00\",\"description\":\"Familia hotel Paris, h\u00f4tel 2 \u00e9toiles \u00e0 Paris 5, h\u00f4tel situ\u00e9 dans le quartier latin pr\u00e8s de Notre Dame et du mus\u00e9e du Louvre\",\"breadcrumb\":{\"@id\":\"https:\/\/www.familiahotel.com\/situation-acces-hotel-familia-paris-5\/#breadcrumb\"},\"inLanguage\":\"zh-Hans\",\"potentialAction\":[{\"@type\":\"ReadAction\",\"target\":[\"https:\/\/www.familiahotel.com\/situation-acces-hotel-familia-paris-5\/\"]}]},{\"@type\":\"BreadcrumbList\",\"@id\":\"https:\/\/www.familiahotel.com\/situation-acces-hotel-familia-paris-5\/#breadcrumb\",\"itemListElement\":[{\"@type\":\"ListItem\",\"position\":1,\"name\":\"Accueil\",\"item\":\"https:\/\/www.familiahotel.com\/\"},{\"@type\":\"ListItem\",\"position\":2,\"name\":\"Situation\"}]},{\"@type\":\"WebSite\",\"@id\":\"https:\/\/www.familiahotel.com\/#website\",\"url\":\"https:\/\/www.familiahotel.com\/\",\"name\":\"H\u00f4tel Familia\",\"description\":\"H\u00f4tel au coeur du Quartier Latin\",\"potentialAction\":[{\"@type\":\"SearchAction\",\"target\":{\"@type\":\"EntryPoint\",\"urlTemplate\":\"https:\/\/www.familiahotel.com\/?s={search_term_string}\"},\"query-input\":{\"@type\":\"PropertyValueSpecification\",\"valueRequired\":true,\"valueName\":\"search_term_string\"}}],\"inLanguage\":\"zh-Hans\"}]}<\/script>\n<!-- \/ Yoast SEO plugin. -->","yoast_head_json":{"title":"Situation - H\u00f4tel Familia","description":"Familia hotel Paris, h\u00f4tel 2 \u00e9toiles \u00e0 Paris 5, h\u00f4tel situ\u00e9 dans le quartier latin pr\u00e8s de Notre Dame et du mus\u00e9e du Louvre","robots":{"index":"index","follow":"follow","max-snippet":"max-snippet:-1","max-image-preview":"max-image-preview:large","max-video-preview":"max-video-preview:-1"},"canonical":"https:\/\/www.familiahotel.com\/situation-acces-hotel-familia-paris-5\/","og_locale":"zh_CN","og_type":"article","og_title":"Situation - H\u00f4tel Familia","og_description":"Familia hotel Paris, h\u00f4tel 2 \u00e9toiles \u00e0 Paris 5, h\u00f4tel situ\u00e9 dans le quartier latin pr\u00e8s de Notre Dame et du mus\u00e9e du Louvre","og_url":"https:\/\/www.familiahotel.com\/situation-acces-hotel-familia-paris-5\/","og_site_name":"H\u00f4tel Familia","article_modified_time":"2023-07-05T11:42:32+00:00","twitter_card":"summary_large_image","schema":{"@context":"https:\/\/schema.org","@graph":[{"@type":"WebPage","@id":"https:\/\/www.familiahotel.com\/situation-acces-hotel-familia-paris-5\/","url":"https:\/\/www.familiahotel.com\/situation-acces-hotel-familia-paris-5\/","name":"Situation - H\u00f4tel Familia","isPartOf":{"@id":"https:\/\/www.familiahotel.com\/#website"},"datePublished":"2019-03-21T18:29:51+00:00","dateModified":"2023-07-05T11:42:32+00:00","description":"Familia hotel Paris, h\u00f4tel 2 \u00e9toiles \u00e0 Paris 5, h\u00f4tel situ\u00e9 dans le quartier latin pr\u00e8s de Notre Dame et du mus\u00e9e du Louvre","breadcrumb":{"@id":"https:\/\/www.familiahotel.com\/situation-acces-hotel-familia-paris-5\/#breadcrumb"},"inLanguage":"zh-Hans","potentialAction":[{"@type":"ReadAction","target":["https:\/\/www.familiahotel.com\/situation-acces-hotel-familia-paris-5\/"]}]},{"@type":"BreadcrumbList","@id":"https:\/\/www.familiahotel.com\/situation-acces-hotel-familia-paris-5\/#breadcrumb","itemListElement":[{"@type":"ListItem","position":1,"name":"Accueil","item":"https:\/\/www.familiahotel.com\/"},{"@type":"ListItem","position":2,"name":"Situation"}]},{"@type":"WebSite","@id":"https:\/\/www.familiahotel.com\/#website","url":"https:\/\/www.familiahotel.com\/","name":"H\u00f4tel Familia","description":"H\u00f4tel au coeur du Quartier Latin","potentialAction":[{"@type":"SearchAction","target":{"@type":"EntryPoint","urlTemplate":"https:\/\/www.familiahotel.com\/?s={search_term_string}"},"query-input":{"@type":"PropertyValueSpecification","valueRequired":true,"valueName":"search_term_string"}}],"inLanguage":"zh-Hans"}]}},"_links":{"self":[{"href":"https:\/\/www.familiahotel.com\/zh-hans\/wp-json\/wp\/v2\/pages\/4718","targetHints":{"allow":["GET"]}}],"collection":[{"href":"https:\/\/www.familiahotel.com\/zh-hans\/wp-json\/wp\/v2\/pages"}],"about":[{"href":"https:\/\/www.familiahotel.com\/zh-hans\/wp-json\/wp\/v2\/types\/page"}],"author":[{"embeddable":true,"href":"https:\/\/www.familiahotel.com\/zh-hans\/wp-json\/wp\/v2\/users\/1"}],"replies":[{"embeddable":true,"href":"https:\/\/www.familiahotel.com\/zh-hans\/wp-json\/wp\/v2\/comments?post=4718"}],"version-history":[{"count":3,"href":"https:\/\/www.familiahotel.com\/zh-hans\/wp-json\/wp\/v2\/pages\/4718\/revisions"}],"predecessor-version":[{"id":5105,"href":"https:\/\/www.familiahotel.com\/zh-hans\/wp-json\/wp\/v2\/pages\/4718\/revisions\/5105"}],"wp:attachment":[{"href":"https:\/\/www.familiahotel.com\/zh-hans\/wp-json\/wp\/v2\/media?parent=4718"}],"curies":[{"name":"wp","href":"https:\/\/api.w.org\/{rel}","templated":true}]}}